{"id":3316,"date":"2023-08-10T02:50:02","date_gmt":"2023-08-10T02:50:02","guid":{"rendered":"https:\/\/inxacademy.edu\/quem-somos\/"},"modified":"2024-06-12T13:38:18","modified_gmt":"2024-06-12T13:38:18","slug":"quem-somos","status":"publish","type":"page","link":"https:\/\/inxacademy.edu\/pt-br\/quem-somos\/","title":{"rendered":"Quem somos"},"content":{"rendered":"\t\t<div data-elementor-type=\"wp-page\" data-elementor-id=\"3316\" class=\"elementor elementor-3316 elementor-2582\" data-elementor-post-type=\"page\">\n\t\t\t\t<div class=\"elementor-element elementor-element-c131483 c-box pad-tb-2 e-flex e-con-boxed e-con e-parent\" data-id=\"c131483\" data-element_type=\"container\" data-e-type=\"container\" data-settings=\"{&quot;jet_parallax_layout_list&quot;:[]}\">\n\t\t\t\t\t<div class=\"e-con-inner\">\n\t\t<div class=\"elementor-element elementor-element-77d5b8f e-con-full e-flex e-con e-child\" data-id=\"77d5b8f\" data-element_type=\"container\" data-e-type=\"container\" data-settings=\"{&quot;jet_parallax_layout_list&quot;:[]}\">\n\t\t\t\t<div class=\"elementor-element elementor-element-e1c11ba elementor-widget elementor-widget-heading\" data-id=\"e1c11ba\" data-element_type=\"widget\" data-e-type=\"widget\" data-widget_type=\"heading.default\">\n\t\t\t\t<div class=\"elementor-widget-container\">\n\t\t\t\t\t<h2 class=\"elementor-heading-title elementor-size-default\">Quem somos<\/h2>\t\t\t\t<\/div>\n\t\t\t\t<\/div>\n\t\t\t\t<div class=\"elementor-element elementor-element-d1cf6ec elementor-widget elementor-widget-text-editor\" data-id=\"d1cf6ec\" data-element_type=\"widget\" data-e-type=\"widget\" data-widget_type=\"text-editor.default\">\n\t\t\t\t<div class=\"elementor-widget-container\">\n\t\t\t\t\t\t\t\t\t\n<p>N\u00f3s nos preocupamos e entendemos que o trabalho volunt\u00e1rio oferece uma oportunidade para que nossos alunos, funcion\u00e1rios, professores, ex-alunos e comunidades se envolvam em atividades que afetam o bem comum da sociedade. Por meio de nosso trabalho comunit\u00e1rio, adquirimos habilidades valiosas, entendemos e aprimoramos as comunidades em que residimos.<\/p>\n\n<p>O Comit\u00ea de Responsabilidade Social \u00e9 um grupo diversificado de pessoas da INX Academies que colaboram com representantes e organiza\u00e7\u00f5es da comunidade vizinha. O SRC existe para promover rela\u00e7\u00f5es positivas e manter uma comunica\u00e7\u00e3o consistente entre a INX Academies e suas comunidades. Como parte da retribui\u00e7\u00e3o, a INX Academy est\u00e1 oferecendo bolsas de estudo para parceiros sem fins lucrativos designados e suas comunidades carentes. <\/p>\n\n<p>Seja a mudan\u00e7a no mundo que voc\u00ea gostaria de ver, seja um X&#8217;er que se importa!<\/p>\n\n<p>Para obter mais informa\u00e7\u00f5es e fazer perguntas, entre em contato com: <a href=\"mailto:marin@inxacademy.edu\">marin@inxacademy.edu<\/a>.<\/p>\n\t\t\t\t\t\t\t\t<\/div>\n\t\t\t\t<\/div>\n\t\t\t\t<\/div>\n\t\t\t\t\t<\/div>\n\t\t\t\t<\/div>\n\t\t<div class=\"elementor-element elementor-element-23d793e c-box pad-tb-4 e-flex e-con-boxed e-con e-parent\" data-id=\"23d793e\" data-element_type=\"container\" data-e-type=\"container\" data-settings=\"{&quot;background_background&quot;:&quot;classic&quot;,&quot;jet_parallax_layout_list&quot;:[]}\">\n\t\t\t\t\t<div class=\"e-con-inner\">\n\t\t\t\t<div class=\"elementor-element elementor-element-3b3c249 elementor-widget elementor-widget-n-accordion\" data-id=\"3b3c249\" data-element_type=\"widget\" data-e-type=\"widget\" data-settings=\"{&quot;default_state&quot;:&quot;expanded&quot;,&quot;max_items_expended&quot;:&quot;one&quot;,&quot;n_accordion_animation_duration&quot;:{&quot;unit&quot;:&quot;ms&quot;,&quot;size&quot;:400,&quot;sizes&quot;:[]}}\" data-widget_type=\"nested-accordion.default\">\n\t\t\t\t<div class=\"elementor-widget-container\">\n\t\t\t\t\t\t\t<div class=\"e-n-accordion\" aria-label=\"Accordion. Open links with Enter or Space, close with Escape, and navigate with Arrow Keys\">\n\t\t\t\t\t\t<details id=\"e-n-accordion-item-6210\" class=\"e-n-accordion-item\" open>\n\t\t\t\t<summary class=\"e-n-accordion-item-title\" data-accordion-index=\"1\" tabindex=\"0\" aria-expanded=\"true\" aria-controls=\"e-n-accordion-item-6210\" >\n\t\t\t\t\t<span class='e-n-accordion-item-title-header'><div class=\"e-n-accordion-item-title-text\"> Eventos <\/div><\/span>\n\t\t\t\t\t\t\t<span class='e-n-accordion-item-title-icon'>\n\t\t\t<span class='e-opened' ><svg aria-hidden=\"true\" class=\"e-font-icon-svg e-fas-minus\" viewBox=\"0 0 448 512\" xmlns=\"http:\/\/www.w3.org\/2000\/svg\"><path d=\"M416 208H32c-17.67 0-32 14.33-32 32v32c0 17.67 14.33 32 32 32h384c17.67 0 32-14.33 32-32v-32c0-17.67-14.33-32-32-32z\"><\/path><\/svg><\/span>\n\t\t\t<span class='e-closed'><svg aria-hidden=\"true\" class=\"e-font-icon-svg e-fas-plus\" viewBox=\"0 0 448 512\" xmlns=\"http:\/\/www.w3.org\/2000\/svg\"><path d=\"M416 208H272V64c0-17.67-14.33-32-32-32h-32c-17.67 0-32 14.33-32 32v144H32c-17.67 0-32 14.33-32 32v32c0 17.67 14.33 32 32 32h144v144c0 17.67 14.33 32 32 32h32c17.67 0 32-14.33 32-32V304h144c17.67 0 32-14.33 32-32v-32c0-17.67-14.33-32-32-32z\"><\/path><\/svg><\/span>\n\t\t<\/span>\n\n\t\t\t\t\t\t<\/summary>\n\t\t\t\t<div role=\"region\" aria-labelledby=\"e-n-accordion-item-6210\" class=\"elementor-element elementor-element-23ed4ee e-con-full e-flex e-con e-child\" data-id=\"23ed4ee\" data-element_type=\"container\" data-e-type=\"container\" data-settings=\"{&quot;jet_parallax_layout_list&quot;:[]}\">\n\t\t\t\t<div class=\"elementor-element elementor-element-258ede7 elementor-widget elementor-widget-text-editor\" data-id=\"258ede7\" data-element_type=\"widget\" data-e-type=\"widget\" data-widget_type=\"text-editor.default\">\n\t\t\t\t<div class=\"elementor-widget-container\">\n\t\t\t\t\t\t\t\t\t<p style=\"font-weight: 400;\"><strong>Pink Hangers<\/strong><\/p>\n<p>Em outubro, a INX Academy criou o Pink Hangers, uma doa\u00e7\u00e3o de roupas e um desfile de moda em apoio ao c\u00e2ncer de mama. A INX Academy tamb\u00e9m doa 100% de toda a receita obtida para a Funda\u00e7\u00e3o Susan G. Komen.<\/p>\n\t\t\t\t\t\t\t\t<\/div>\n\t\t\t\t<\/div>\n\t\t\t\t<\/div>\n\t\t\t\t\t<\/details>\n\t\t\t\t\t\t<details id=\"e-n-accordion-item-6211\" class=\"e-n-accordion-item\" >\n\t\t\t\t<summary class=\"e-n-accordion-item-title\" data-accordion-index=\"2\" tabindex=\"-1\" aria-expanded=\"false\" aria-controls=\"e-n-accordion-item-6211\" >\n\t\t\t\t\t<span class='e-n-accordion-item-title-header'><div class=\"e-n-accordion-item-title-text\"> Parcerias sem fins lucrativos <\/div><\/span>\n\t\t\t\t\t\t\t<span class='e-n-accordion-item-title-icon'>\n\t\t\t<span class='e-opened' ><svg aria-hidden=\"true\" class=\"e-font-icon-svg e-fas-minus\" viewBox=\"0 0 448 512\" xmlns=\"http:\/\/www.w3.org\/2000\/svg\"><path d=\"M416 208H32c-17.67 0-32 14.33-32 32v32c0 17.67 14.33 32 32 32h384c17.67 0 32-14.33 32-32v-32c0-17.67-14.33-32-32-32z\"><\/path><\/svg><\/span>\n\t\t\t<span class='e-closed'><svg aria-hidden=\"true\" class=\"e-font-icon-svg e-fas-plus\" viewBox=\"0 0 448 512\" xmlns=\"http:\/\/www.w3.org\/2000\/svg\"><path d=\"M416 208H272V64c0-17.67-14.33-32-32-32h-32c-17.67 0-32 14.33-32 32v144H32c-17.67 0-32 14.33-32 32v32c0 17.67 14.33 32 32 32h144v144c0 17.67 14.33 32 32 32h32c17.67 0 32-14.33 32-32V304h144c17.67 0 32-14.33 32-32v-32c0-17.67-14.33-32-32-32z\"><\/path><\/svg><\/span>\n\t\t<\/span>\n\n\t\t\t\t\t\t<\/summary>\n\t\t\t\t<div role=\"region\" aria-labelledby=\"e-n-accordion-item-6211\" class=\"elementor-element elementor-element-b463576 e-con-full e-flex e-con e-child\" data-id=\"b463576\" data-element_type=\"container\" data-e-type=\"container\" data-settings=\"{&quot;jet_parallax_layout_list&quot;:[]}\">\n\t\t<div role=\"region\" aria-labelledby=\"e-n-accordion-item-6211\" class=\"elementor-element elementor-element-fcb066d e-flex e-con-boxed e-con e-child\" data-id=\"fcb066d\" data-element_type=\"container\" data-e-type=\"container\" data-settings=\"{&quot;jet_parallax_layout_list&quot;:[]}\">\n\t\t\t\t\t<div class=\"e-con-inner\">\n\t\t\t\t\t<\/div>\n\t\t\t\t<\/div>\n\t\t\t\t<\/div>\n\t\t\t\t\t<\/details>\n\t\t\t\t\t\t<details id=\"e-n-accordion-item-6212\" class=\"e-n-accordion-item\" >\n\t\t\t\t<summary class=\"e-n-accordion-item-title\" data-accordion-index=\"3\" tabindex=\"-1\" aria-expanded=\"false\" aria-controls=\"e-n-accordion-item-6212\" >\n\t\t\t\t\t<span class='e-n-accordion-item-title-header'><div class=\"e-n-accordion-item-title-text\"> Voluntariado  <\/div><\/span>\n\t\t\t\t\t\t\t<span class='e-n-accordion-item-title-icon'>\n\t\t\t<span class='e-opened' ><svg aria-hidden=\"true\" class=\"e-font-icon-svg e-fas-minus\" viewBox=\"0 0 448 512\" xmlns=\"http:\/\/www.w3.org\/2000\/svg\"><path d=\"M416 208H32c-17.67 0-32 14.33-32 32v32c0 17.67 14.33 32 32 32h384c17.67 0 32-14.33 32-32v-32c0-17.67-14.33-32-32-32z\"><\/path><\/svg><\/span>\n\t\t\t<span class='e-closed'><svg aria-hidden=\"true\" class=\"e-font-icon-svg e-fas-plus\" viewBox=\"0 0 448 512\" xmlns=\"http:\/\/www.w3.org\/2000\/svg\"><path d=\"M416 208H272V64c0-17.67-14.33-32-32-32h-32c-17.67 0-32 14.33-32 32v144H32c-17.67 0-32 14.33-32 32v32c0 17.67 14.33 32 32 32h144v144c0 17.67 14.33 32 32 32h32c17.67 0 32-14.33 32-32V304h144c17.67 0 32-14.33 32-32v-32c0-17.67-14.33-32-32-32z\"><\/path><\/svg><\/span>\n\t\t<\/span>\n\n\t\t\t\t\t\t<\/summary>\n\t\t\t\t<div role=\"region\" aria-labelledby=\"e-n-accordion-item-6212\" class=\"elementor-element elementor-element-3a7140e e-con-full e-flex e-con e-child\" data-id=\"3a7140e\" data-element_type=\"container\" data-e-type=\"container\" data-settings=\"{&quot;jet_parallax_layout_list&quot;:[]}\">\n\t\t\t\t<div class=\"elementor-element elementor-element-51048b2 elementor-widget elementor-widget-text-editor\" data-id=\"51048b2\" data-element_type=\"widget\" data-e-type=\"widget\" data-widget_type=\"text-editor.default\">\n\t\t\t\t<div class=\"elementor-widget-container\">\n\t\t\t\t\t\t\t\t\t<p><strong>Toys-for-Tots (Brinquedos para crian\u00e7as) <br><\/strong>\u2013 A INX Academy e os fuzileiros navais dos EUA trabalham para embrulhar e distribuir brinquedos para crian\u00e7as em todo o pa\u00eds de San Diego. Nossos alunos e fuzileiros navais trabalham lado a lado e essa \u00e9 uma das melhores experi\u00eancias para todos. <\/p>\n<p><strong>Bike to Work Day<br><\/strong>\u2013 Todos os anos, a INX Academy organiza um pitstop para o Bike to Work Day. Fazemos isso para incentivar as pessoas a usarem bicicletas como uma fonte de deslocamento di\u00e1rio. <\/p>\n<p><strong>Habitat para a Humanidade <br><\/strong>\u2013 O programa de voluntariado da HFH e da INX permite que os alunos da INX e outros volunt\u00e1rios da comunidade trabalhem juntos para ajudar a criar solu\u00e7\u00f5es habitacionais para pessoas menos afortunadas. <\/p>\n<p><strong>San Diego Pride <br><\/strong>\u2013 H\u00e1 mais de cinco anos, a INX Academy vem apoiando a San Diego Pride por meio de trabalho volunt\u00e1rio, montagem de festivais e participa\u00e7\u00e3o no desfile. Fazemos isso para mostrar nosso compromisso com a diversidade e a igualdade para todos. <\/p>\n<p><strong>Embaixadores do Aeroporto de San Diego<br><\/strong>\u2013 Tanto os alunos da INX Academy quanto o grupo de volunt\u00e1rios do Aeroporto de San Diego formaram o Airport Ambassadors para que os alunos usem o ingl\u00eas na vida real para os viajantes que precisam de ajuda. <\/p>\n<p><strong>Servi\u00e7os Familiares Judaicos<br><\/strong>\u2013 A JFS e a INX criaram um programa de realoca\u00e7\u00e3o para refugiados. A equipe e os alunos da INX ajudam com o idioma e outros ajustes que as fam\u00edlias precisar\u00e3o fazer ao chegar aos EUA. <\/p>\n<p><strong>Dia da Terra no World Beat Center<\/strong><br>&#8211; Todos os anos, a INX Academy e o San Diego World Beat Center t\u00eam trabalhado lado a lado para tornar o Dia da Terra em San Diego. Fazemos isso por meio da busca de patrocinadores, m\u00fasicos e fornecedores. A INX Academy tamb\u00e9m gerencia todo o suporte de volunt\u00e1rios para esse evento de dois dias.<\/p>\t\t\t\t\t\t\t\t<\/div>\n\t\t\t\t<\/div>\n\t\t\t\t<\/div>\n\t\t\t\t\t<\/details>\n\t\t\t\t\t\t<details id=\"e-n-accordion-item-6213\" class=\"e-n-accordion-item\" >\n\t\t\t\t<summary class=\"e-n-accordion-item-title\" data-accordion-index=\"4\" tabindex=\"-1\" aria-expanded=\"false\" aria-controls=\"e-n-accordion-item-6213\" >\n\t\t\t\t\t<span class='e-n-accordion-item-title-header'><div class=\"e-n-accordion-item-title-text\"> Contribui\u00e7\u00f5es filantr\u00f3picas de funcion\u00e1rios <\/div><\/span>\n\t\t\t\t\t\t\t<span class='e-n-accordion-item-title-icon'>\n\t\t\t<span class='e-opened' ><svg aria-hidden=\"true\" class=\"e-font-icon-svg e-fas-minus\" viewBox=\"0 0 448 512\" xmlns=\"http:\/\/www.w3.org\/2000\/svg\"><path d=\"M416 208H32c-17.67 0-32 14.33-32 32v32c0 17.67 14.33 32 32 32h384c17.67 0 32-14.33 32-32v-32c0-17.67-14.33-32-32-32z\"><\/path><\/svg><\/span>\n\t\t\t<span class='e-closed'><svg aria-hidden=\"true\" class=\"e-font-icon-svg e-fas-plus\" viewBox=\"0 0 448 512\" xmlns=\"http:\/\/www.w3.org\/2000\/svg\"><path d=\"M416 208H272V64c0-17.67-14.33-32-32-32h-32c-17.67 0-32 14.33-32 32v144H32c-17.67 0-32 14.33-32 32v32c0 17.67 14.33 32 32 32h144v144c0 17.67 14.33 32 32 32h32c17.67 0 32-14.33 32-32V304h144c17.67 0 32-14.33 32-32v-32c0-17.67-14.33-32-32-32z\"><\/path><\/svg><\/span>\n\t\t<\/span>\n\n\t\t\t\t\t\t<\/summary>\n\t\t\t\t<div role=\"region\" aria-labelledby=\"e-n-accordion-item-6213\" class=\"elementor-element elementor-element-dc182d6 e-flex e-con-boxed e-con e-child\" data-id=\"dc182d6\" data-element_type=\"container\" data-e-type=\"container\" data-settings=\"{&quot;jet_parallax_layout_list&quot;:[]}\">\n\t\t\t\t\t<div class=\"e-con-inner\">\n\t\t\t\t<div class=\"elementor-element elementor-element-995bc62 elementor-widget elementor-widget-text-editor\" data-id=\"995bc62\" data-element_type=\"widget\" data-e-type=\"widget\" data-widget_type=\"text-editor.default\">\n\t\t\t\t<div class=\"elementor-widget-container\">\n\t\t\t\t\t\t\t\t\t<h3>Contribui\u00e7\u00f5es filantr\u00f3picas de funcion\u00e1rios em seu nome<\/h3>\n<p>Para homenagear os membros do corpo docente e da equipe que dedicam seu tempo e servi\u00e7o a causas que lhes s\u00e3o caras e pr\u00f3ximas, a INX Academy conceder\u00e1 doa\u00e7\u00f5es a organiza\u00e7\u00f5es beneficentes qualificadas, feitas em nome do funcion\u00e1rio, no valor de at\u00e9 US$ 1.000 por funcion\u00e1rio em cada ano civil.<\/p>\n<p><strong>Doa\u00e7\u00e3o <\/strong> |$500, at\u00e9 $1.000<\/p>\n<p><strong>Informa\u00e7\u00f5es sobre contribui\u00e7\u00f5es filantr\u00f3picas de funcion\u00e1rios<\/strong><\/p>\n<p>A INX Academy oferece &#8220;Contribui\u00e7\u00f5es Beneficentes de Funcion\u00e1rios&#8221; aos funcion\u00e1rios que demonstram trabalho volunt\u00e1rio cont\u00ednuo e\/ou lideran\u00e7a com uma organiza\u00e7\u00e3o 501(c)(3) qualificada em um ano civil. A organiza\u00e7\u00e3o sem fins lucrativos que voc\u00ea enviar poder\u00e1 receber at\u00e9 US$ 1.000 por ano.<\/p>\n<hr>\n<p><strong>Processo de envio de contribui\u00e7\u00f5es filantr\u00f3picas de funcion\u00e1rios:<\/strong><\/p>\n<ol>\n<li>Demonstrar envolvimento cont\u00ednuo de voluntariado\/lideran\u00e7a com uma \u00fanica organiza\u00e7\u00e3o 501(c)(3).<\/li>\n<\/ol>\n<p><span style=\"color: var( --e-global-color-3360806 ); font-family: var( --e-global-typography-text-font-family ), Rubik; text-align: var(--text-align); font-size: var( --e-global-typography-text-font-size );\">  2. As contribui\u00e7\u00f5es filantr\u00f3picas dos funcion\u00e1rios s\u00e3o concedidas por ordem de chegada, enquanto durarem os fundos. <br><\/span><span style=\"color: var( --e-global-color-3360806 ); font-family: var( --e-global-typography-text-font-family ), Rubik; text-align: var(--text-align);\">  3. Aguarde 5 dias \u00fateis para resposta ou aprova\u00e7\u00e3o. Os cheques emitidos em nome da organiza\u00e7\u00e3o podem levar de 2 a 3 semanas adicionais para serem processados.<\/span><\/p>\n<p><em>*A solicita\u00e7\u00e3o deve ser direcionada a uma organiza\u00e7\u00e3o qualificada com a qual o funcion\u00e1rio tenha sido volunt\u00e1rio, demonstrando que \u00e9 necess\u00e1rio um envolvimento cont\u00ednuo com a organiza\u00e7\u00e3o; se nenhuma das organiza\u00e7\u00f5es com as quais o volunt\u00e1rio participou for qualificada, o volunt\u00e1rio poder\u00e1 escolher outra organiza\u00e7\u00e3o qualificada.<\/em><\/p>\t\t\t\t\t\t\t\t<\/div>\n\t\t\t\t<\/div>\n\t\t\t\t\t<\/div>\n\t\t\t\t<\/div>\n\t\t\t\t\t<\/details>\n\t\t\t\t\t<\/div>\n\t\t\t\t\t\t<\/div>\n\t\t\t\t<\/div>\n\t\t\t\t\t<\/div>\n\t\t\t\t<\/div>\n\t\t\t\t<\/div>\n\t\t","protected":false},"excerpt":{"rendered":"<p>Quem somos N\u00f3s nos preocupamos e entendemos que o trabalho volunt\u00e1rio oferece uma oportunidade para que nossos alunos, funcion\u00e1rios, professores, ex-alunos e comunidades se envolvam em atividades que afetam o bem comum da sociedade. Por meio de nosso trabalho comunit\u00e1rio, adquirimos habilidades valiosas, entendemos e aprimoramos as comunidades em que residimos. O Comit\u00ea de Responsabilidade [&hellip;]<\/p>\n","protected":false},"author":1,"featured_media":0,"parent":0,"menu_order":0,"comment_status":"closed","ping_status":"closed","template":"","meta":{"footnotes":""},"class_list":["post-3316","page","type-page","status-publish","hentry"],"yoast_head":"<!-- This site is optimized with the Yoast SEO plugin v27.5 - https:\/\/yoast.com\/product\/yoast-seo-wordpress\/ -->\n<title>Quem somos - INX Academy<\/title>\n<meta name=\"robots\" content=\"index, follow, max-snippet:-1, max-image-preview:large, max-video-preview:-1\" \/>\n<link rel=\"canonical\" href=\"https:\/\/inxacademy.edu\/pt-br\/quem-somos\/\" \/>\n<meta property=\"og:locale\" content=\"pt_BR\" \/>\n<meta property=\"og:type\" content=\"article\" \/>\n<meta property=\"og:title\" content=\"Quem somos - INX Academy\" \/>\n<meta property=\"og:description\" content=\"Quem somos N\u00f3s nos preocupamos e entendemos que o trabalho volunt\u00e1rio oferece uma oportunidade para que nossos alunos, funcion\u00e1rios, professores, ex-alunos e comunidades se envolvam em atividades que afetam o bem comum da sociedade. Por meio de nosso trabalho comunit\u00e1rio, adquirimos habilidades valiosas, entendemos e aprimoramos as comunidades em que residimos. O Comit\u00ea de Responsabilidade [&hellip;]\" \/>\n<meta property=\"og:url\" content=\"https:\/\/inxacademy.edu\/pt-br\/quem-somos\/\" \/>\n<meta property=\"og:site_name\" content=\"INX Academy\" \/>\n<meta property=\"article:modified_time\" content=\"2024-06-12T13:38:18+00:00\" \/>\n<meta name=\"twitter:card\" content=\"summary_large_image\" \/>\n<meta name=\"twitter:label1\" content=\"Est. tempo de leitura\" \/>\n\t<meta name=\"twitter:data1\" content=\"7 minutos\" \/>\n<script type=\"application\/ld+json\" class=\"yoast-schema-graph\">{\"@context\":\"https:\\\/\\\/schema.org\",\"@graph\":[{\"@type\":\"WebPage\",\"@id\":\"https:\\\/\\\/inxacademy.edu\\\/pt-br\\\/quem-somos\\\/\",\"url\":\"https:\\\/\\\/inxacademy.edu\\\/pt-br\\\/quem-somos\\\/\",\"name\":\"Quem somos - INX Academy\",\"isPartOf\":{\"@id\":\"https:\\\/\\\/inxacademy.edu\\\/#website\"},\"datePublished\":\"2023-08-10T02:50:02+00:00\",\"dateModified\":\"2024-06-12T13:38:18+00:00\",\"breadcrumb\":{\"@id\":\"https:\\\/\\\/inxacademy.edu\\\/pt-br\\\/quem-somos\\\/#breadcrumb\"},\"inLanguage\":\"pt-BR\",\"potentialAction\":[{\"@type\":\"ReadAction\",\"target\":[\"https:\\\/\\\/inxacademy.edu\\\/pt-br\\\/quem-somos\\\/\"]}]},{\"@type\":\"BreadcrumbList\",\"@id\":\"https:\\\/\\\/inxacademy.edu\\\/pt-br\\\/quem-somos\\\/#breadcrumb\",\"itemListElement\":[{\"@type\":\"ListItem\",\"position\":1,\"name\":\"Home\",\"item\":\"https:\\\/\\\/inxacademy.edu\\\/pt-br\\\/\"},{\"@type\":\"ListItem\",\"position\":2,\"name\":\"Quem somos\"}]},{\"@type\":\"WebSite\",\"@id\":\"https:\\\/\\\/inxacademy.edu\\\/#website\",\"url\":\"https:\\\/\\\/inxacademy.edu\\\/\",\"name\":\"INX Academy\",\"description\":\"Educate. Inspire. Empower.\",\"publisher\":{\"@id\":\"https:\\\/\\\/inxacademy.edu\\\/#organization\"},\"potentialAction\":[{\"@type\":\"SearchAction\",\"target\":{\"@type\":\"EntryPoint\",\"urlTemplate\":\"https:\\\/\\\/inxacademy.edu\\\/?s={search_term_string}\"},\"query-input\":{\"@type\":\"PropertyValueSpecification\",\"valueRequired\":true,\"valueName\":\"search_term_string\"}}],\"inLanguage\":\"pt-BR\"},{\"@type\":\"Organization\",\"@id\":\"https:\\\/\\\/inxacademy.edu\\\/#organization\",\"name\":\"INX Academy\",\"url\":\"https:\\\/\\\/inxacademy.edu\\\/\",\"logo\":{\"@type\":\"ImageObject\",\"inLanguage\":\"pt-BR\",\"@id\":\"https:\\\/\\\/inxacademy.edu\\\/#\\\/schema\\\/logo\\\/image\\\/\",\"url\":\"https:\\\/\\\/inxacademy.edu\\\/wp-content\\\/uploads\\\/2023\\\/03\\\/inx-academy-logo.svg\",\"contentUrl\":\"https:\\\/\\\/inxacademy.edu\\\/wp-content\\\/uploads\\\/2023\\\/03\\\/inx-academy-logo.svg\",\"width\":250,\"height\":58,\"caption\":\"INX Academy\"},\"image\":{\"@id\":\"https:\\\/\\\/inxacademy.edu\\\/#\\\/schema\\\/logo\\\/image\\\/\"}}]}<\/script>\n<!-- \/ Yoast SEO plugin. -->","yoast_head_json":{"title":"Quem somos - INX Academy","robots":{"index":"index","follow":"follow","max-snippet":"max-snippet:-1","max-image-preview":"max-image-preview:large","max-video-preview":"max-video-preview:-1"},"canonical":"https:\/\/inxacademy.edu\/pt-br\/quem-somos\/","og_locale":"pt_BR","og_type":"article","og_title":"Quem somos - INX Academy","og_description":"Quem somos N\u00f3s nos preocupamos e entendemos que o trabalho volunt\u00e1rio oferece uma oportunidade para que nossos alunos, funcion\u00e1rios, professores, ex-alunos e comunidades se envolvam em atividades que afetam o bem comum da sociedade. Por meio de nosso trabalho comunit\u00e1rio, adquirimos habilidades valiosas, entendemos e aprimoramos as comunidades em que residimos. O Comit\u00ea de Responsabilidade [&hellip;]","og_url":"https:\/\/inxacademy.edu\/pt-br\/quem-somos\/","og_site_name":"INX Academy","article_modified_time":"2024-06-12T13:38:18+00:00","twitter_card":"summary_large_image","twitter_misc":{"Est. tempo de leitura":"7 minutos"},"schema":{"@context":"https:\/\/schema.org","@graph":[{"@type":"WebPage","@id":"https:\/\/inxacademy.edu\/pt-br\/quem-somos\/","url":"https:\/\/inxacademy.edu\/pt-br\/quem-somos\/","name":"Quem somos - INX Academy","isPartOf":{"@id":"https:\/\/inxacademy.edu\/#website"},"datePublished":"2023-08-10T02:50:02+00:00","dateModified":"2024-06-12T13:38:18+00:00","breadcrumb":{"@id":"https:\/\/inxacademy.edu\/pt-br\/quem-somos\/#breadcrumb"},"inLanguage":"pt-BR","potentialAction":[{"@type":"ReadAction","target":["https:\/\/inxacademy.edu\/pt-br\/quem-somos\/"]}]},{"@type":"BreadcrumbList","@id":"https:\/\/inxacademy.edu\/pt-br\/quem-somos\/#breadcrumb","itemListElement":[{"@type":"ListItem","position":1,"name":"Home","item":"https:\/\/inxacademy.edu\/pt-br\/"},{"@type":"ListItem","position":2,"name":"Quem somos"}]},{"@type":"WebSite","@id":"https:\/\/inxacademy.edu\/#website","url":"https:\/\/inxacademy.edu\/","name":"INX Academy","description":"Educate. Inspire. Empower.","publisher":{"@id":"https:\/\/inxacademy.edu\/#organization"},"potentialAction":[{"@type":"SearchAction","target":{"@type":"EntryPoint","urlTemplate":"https:\/\/inxacademy.edu\/?s={search_term_string}"},"query-input":{"@type":"PropertyValueSpecification","valueRequired":true,"valueName":"search_term_string"}}],"inLanguage":"pt-BR"},{"@type":"Organization","@id":"https:\/\/inxacademy.edu\/#organization","name":"INX Academy","url":"https:\/\/inxacademy.edu\/","logo":{"@type":"ImageObject","inLanguage":"pt-BR","@id":"https:\/\/inxacademy.edu\/#\/schema\/logo\/image\/","url":"https:\/\/inxacademy.edu\/wp-content\/uploads\/2023\/03\/inx-academy-logo.svg","contentUrl":"https:\/\/inxacademy.edu\/wp-content\/uploads\/2023\/03\/inx-academy-logo.svg","width":250,"height":58,"caption":"INX Academy"},"image":{"@id":"https:\/\/inxacademy.edu\/#\/schema\/logo\/image\/"}}]}},"_links":{"self":[{"href":"https:\/\/inxacademy.edu\/pt-br\/wp-json\/wp\/v2\/pages\/3316","targetHints":{"allow":["GET"]}}],"collection":[{"href":"https:\/\/inxacademy.edu\/pt-br\/wp-json\/wp\/v2\/pages"}],"about":[{"href":"https:\/\/inxacademy.edu\/pt-br\/wp-json\/wp\/v2\/types\/page"}],"author":[{"embeddable":true,"href":"https:\/\/inxacademy.edu\/pt-br\/wp-json\/wp\/v2\/users\/1"}],"replies":[{"embeddable":true,"href":"https:\/\/inxacademy.edu\/pt-br\/wp-json\/wp\/v2\/comments?post=3316"}],"version-history":[{"count":4,"href":"https:\/\/inxacademy.edu\/pt-br\/wp-json\/wp\/v2\/pages\/3316\/revisions"}],"predecessor-version":[{"id":3339,"href":"https:\/\/inxacademy.edu\/pt-br\/wp-json\/wp\/v2\/pages\/3316\/revisions\/3339"}],"wp:attachment":[{"href":"https:\/\/inxacademy.edu\/pt-br\/wp-json\/wp\/v2\/media?parent=3316"}],"curies":[{"name":"wp","href":"https:\/\/api.w.org\/{rel}","templated":true}]}}